{"id":424,"date":"2024-09-09T14:38:21","date_gmt":"2024-09-09T13:38:21","guid":{"rendered":"https:\/\/keltech.ie\/startseite\/"},"modified":"2024-12-16T11:20:07","modified_gmt":"2024-12-16T11:20:07","slug":"startseite","status":"publish","type":"page","link":"https:\/\/keltech.ie\/de\/","title":{"rendered":"Startseite"},"content":{"rendered":"","protected":false},"excerpt":{"rendered":"","protected":false},"author":1,"featured_media":0,"parent":0,"menu_order":0,"comment_status":"closed","ping_status":"closed","template":"","meta":{"_acf_changed":false,"footnotes":""},"class_list":["post-424","page","type-page","status-publish","hentry"],"acf":[],"yoast_head":"<!-- This site is optimized with the Yoast SEO plugin v27.4 - https:\/\/yoast.com\/product\/yoast-seo-wordpress\/ -->\n<title>Ihr Partner f\u00fcr Auftragsfertigung | Keltech<\/title>\n<meta name=\"description\" content=\"Erfahren Sie, wie eine Zusammenarbeit mit Keltech f\u00fcr Ihre Auftragsfertigung hochwertige, nachhaltige und kosteng\u00fcnstige Stahlbauprojekte erm\u00f6glicht.\" \/>\n<meta name=\"robots\" content=\"index, follow, max-snippet:-1, max-image-preview:large, max-video-preview:-1\" \/>\n<link rel=\"canonical\" href=\"https:\/\/keltech.ie\/de\/\" \/>\n<meta property=\"og:locale\" content=\"de_DE\" \/>\n<meta property=\"og:type\" content=\"article\" \/>\n<meta property=\"og:title\" content=\"Ihr Partner f\u00fcr Auftragsfertigung | Keltech\" \/>\n<meta property=\"og:description\" content=\"Erfahren Sie, wie eine Zusammenarbeit mit Keltech f\u00fcr Ihre Auftragsfertigung hochwertige, nachhaltige und kosteng\u00fcnstige Stahlbauprojekte erm\u00f6glicht.\" \/>\n<meta property=\"og:url\" content=\"https:\/\/keltech.ie\/de\/\" \/>\n<meta property=\"og:site_name\" content=\"Keltech\" \/>\n<meta property=\"article:publisher\" content=\"https:\/\/www.facebook.com\/KeltechCM\/\" \/>\n<meta property=\"article:modified_time\" content=\"2024-12-16T11:20:07+00:00\" \/>\n<meta property=\"og:image\" content=\"https:\/\/keltech.ie\/wp-content\/uploads\/2024\/12\/social_placeholder.png\" \/>\n\t<meta property=\"og:image:width\" content=\"1200\" \/>\n\t<meta property=\"og:image:height\" content=\"630\" \/>\n\t<meta property=\"og:image:type\" content=\"image\/png\" \/>\n<meta name=\"twitter:card\" content=\"summary_large_image\" \/>\n<meta name=\"twitter:site\" content=\"@KeltechCM\" \/>\n<meta name=\"twitter:label1\" content=\"Gesch\u00e4tzte Lesezeit\" \/>\n\t<meta name=\"twitter:data1\" content=\"2\u00a0Minuten\" \/>\n<script type=\"application\/ld+json\" class=\"yoast-schema-graph\">{\"@context\":\"https:\\\/\\\/schema.org\",\"@graph\":[{\"@type\":\"WebPage\",\"@id\":\"https:\\\/\\\/keltech.ie\\\/de\\\/\",\"url\":\"https:\\\/\\\/keltech.ie\\\/de\\\/\",\"name\":\"Ihr Partner f\u00fcr Auftragsfertigung | Keltech\",\"isPartOf\":{\"@id\":\"https:\\\/\\\/keltech.ie\\\/de\\\/#website\"},\"datePublished\":\"2024-09-09T13:38:21+00:00\",\"dateModified\":\"2024-12-16T11:20:07+00:00\",\"description\":\"Erfahren Sie, wie eine Zusammenarbeit mit Keltech f\u00fcr Ihre Auftragsfertigung hochwertige, nachhaltige und kosteng\u00fcnstige Stahlbauprojekte erm\u00f6glicht.\",\"breadcrumb\":{\"@id\":\"https:\\\/\\\/keltech.ie\\\/de\\\/#breadcrumb\"},\"inLanguage\":\"de\",\"potentialAction\":[{\"@type\":\"ReadAction\",\"target\":[\"https:\\\/\\\/keltech.ie\\\/de\\\/\"]}]},{\"@type\":\"BreadcrumbList\",\"@id\":\"https:\\\/\\\/keltech.ie\\\/de\\\/#breadcrumb\",\"itemListElement\":[{\"@type\":\"ListItem\",\"position\":1,\"name\":\"Home\",\"item\":\"https:\\\/\\\/keltech.ie\\\/de\\\/\"},{\"@type\":\"ListItem\",\"position\":2,\"name\":\"Startseite\"}]},{\"@type\":\"WebSite\",\"@id\":\"https:\\\/\\\/keltech.ie\\\/de\\\/#website\",\"url\":\"https:\\\/\\\/keltech.ie\\\/de\\\/\",\"name\":\"Keltech\",\"description\":\"\",\"publisher\":{\"@id\":\"https:\\\/\\\/keltech.ie\\\/de\\\/#organization\"},\"potentialAction\":[{\"@type\":\"SearchAction\",\"target\":{\"@type\":\"EntryPoint\",\"urlTemplate\":\"https:\\\/\\\/keltech.ie\\\/de\\\/?s={search_term_string}\"},\"query-input\":{\"@type\":\"PropertyValueSpecification\",\"valueRequired\":true,\"valueName\":\"search_term_string\"}}],\"inLanguage\":\"de\"},{\"@type\":\"Organization\",\"@id\":\"https:\\\/\\\/keltech.ie\\\/de\\\/#organization\",\"name\":\"Keltech\",\"url\":\"https:\\\/\\\/keltech.ie\\\/de\\\/\",\"logo\":{\"@type\":\"ImageObject\",\"inLanguage\":\"de\",\"@id\":\"https:\\\/\\\/keltech.ie\\\/de\\\/#\\\/schema\\\/logo\\\/image\\\/\",\"url\":\"https:\\\/\\\/keltech.ie\\\/wp-content\\\/uploads\\\/2024\\\/09\\\/logo-keltech-dark.svg\",\"contentUrl\":\"https:\\\/\\\/keltech.ie\\\/wp-content\\\/uploads\\\/2024\\\/09\\\/logo-keltech-dark.svg\",\"width\":1,\"height\":1,\"caption\":\"Keltech\"},\"image\":{\"@id\":\"https:\\\/\\\/keltech.ie\\\/de\\\/#\\\/schema\\\/logo\\\/image\\\/\"},\"sameAs\":[\"https:\\\/\\\/www.facebook.com\\\/KeltechCM\\\/\",\"https:\\\/\\\/x.com\\\/KeltechCM\"]}]}<\/script>\n<!-- \/ Yoast SEO plugin. -->","yoast_head_json":{"title":"Ihr Partner f\u00fcr Auftragsfertigung | Keltech","description":"Erfahren Sie, wie eine Zusammenarbeit mit Keltech f\u00fcr Ihre Auftragsfertigung hochwertige, nachhaltige und kosteng\u00fcnstige Stahlbauprojekte erm\u00f6glicht.","robots":{"index":"index","follow":"follow","max-snippet":"max-snippet:-1","max-image-preview":"max-image-preview:large","max-video-preview":"max-video-preview:-1"},"canonical":"https:\/\/keltech.ie\/de\/","og_locale":"de_DE","og_type":"article","og_title":"Ihr Partner f\u00fcr Auftragsfertigung | Keltech","og_description":"Erfahren Sie, wie eine Zusammenarbeit mit Keltech f\u00fcr Ihre Auftragsfertigung hochwertige, nachhaltige und kosteng\u00fcnstige Stahlbauprojekte erm\u00f6glicht.","og_url":"https:\/\/keltech.ie\/de\/","og_site_name":"Keltech","article_publisher":"https:\/\/www.facebook.com\/KeltechCM\/","article_modified_time":"2024-12-16T11:20:07+00:00","og_image":[{"width":1200,"height":630,"url":"https:\/\/keltech.ie\/wp-content\/uploads\/2024\/12\/social_placeholder.png","type":"image\/png"}],"twitter_card":"summary_large_image","twitter_site":"@KeltechCM","twitter_misc":{"Gesch\u00e4tzte Lesezeit":"2\u00a0Minuten"},"schema":{"@context":"https:\/\/schema.org","@graph":[{"@type":"WebPage","@id":"https:\/\/keltech.ie\/de\/","url":"https:\/\/keltech.ie\/de\/","name":"Ihr Partner f\u00fcr Auftragsfertigung | Keltech","isPartOf":{"@id":"https:\/\/keltech.ie\/de\/#website"},"datePublished":"2024-09-09T13:38:21+00:00","dateModified":"2024-12-16T11:20:07+00:00","description":"Erfahren Sie, wie eine Zusammenarbeit mit Keltech f\u00fcr Ihre Auftragsfertigung hochwertige, nachhaltige und kosteng\u00fcnstige Stahlbauprojekte erm\u00f6glicht.","breadcrumb":{"@id":"https:\/\/keltech.ie\/de\/#breadcrumb"},"inLanguage":"de","potentialAction":[{"@type":"ReadAction","target":["https:\/\/keltech.ie\/de\/"]}]},{"@type":"BreadcrumbList","@id":"https:\/\/keltech.ie\/de\/#breadcrumb","itemListElement":[{"@type":"ListItem","position":1,"name":"Home","item":"https:\/\/keltech.ie\/de\/"},{"@type":"ListItem","position":2,"name":"Startseite"}]},{"@type":"WebSite","@id":"https:\/\/keltech.ie\/de\/#website","url":"https:\/\/keltech.ie\/de\/","name":"Keltech","description":"","publisher":{"@id":"https:\/\/keltech.ie\/de\/#organization"},"potentialAction":[{"@type":"SearchAction","target":{"@type":"EntryPoint","urlTemplate":"https:\/\/keltech.ie\/de\/?s={search_term_string}"},"query-input":{"@type":"PropertyValueSpecification","valueRequired":true,"valueName":"search_term_string"}}],"inLanguage":"de"},{"@type":"Organization","@id":"https:\/\/keltech.ie\/de\/#organization","name":"Keltech","url":"https:\/\/keltech.ie\/de\/","logo":{"@type":"ImageObject","inLanguage":"de","@id":"https:\/\/keltech.ie\/de\/#\/schema\/logo\/image\/","url":"https:\/\/keltech.ie\/wp-content\/uploads\/2024\/09\/logo-keltech-dark.svg","contentUrl":"https:\/\/keltech.ie\/wp-content\/uploads\/2024\/09\/logo-keltech-dark.svg","width":1,"height":1,"caption":"Keltech"},"image":{"@id":"https:\/\/keltech.ie\/de\/#\/schema\/logo\/image\/"},"sameAs":["https:\/\/www.facebook.com\/KeltechCM\/","https:\/\/x.com\/KeltechCM"]}]}},"_links":{"self":[{"href":"https:\/\/keltech.ie\/de\/wp-json\/wp\/v2\/pages\/424","targetHints":{"allow":["GET"]}}],"collection":[{"href":"https:\/\/keltech.ie\/de\/wp-json\/wp\/v2\/pages"}],"about":[{"href":"https:\/\/keltech.ie\/de\/wp-json\/wp\/v2\/types\/page"}],"author":[{"embeddable":true,"href":"https:\/\/keltech.ie\/de\/wp-json\/wp\/v2\/users\/1"}],"replies":[{"embeddable":true,"href":"https:\/\/keltech.ie\/de\/wp-json\/wp\/v2\/comments?post=424"}],"version-history":[{"count":20,"href":"https:\/\/keltech.ie\/de\/wp-json\/wp\/v2\/pages\/424\/revisions"}],"predecessor-version":[{"id":4864,"href":"https:\/\/keltech.ie\/de\/wp-json\/wp\/v2\/pages\/424\/revisions\/4864"}],"wp:attachment":[{"href":"https:\/\/keltech.ie\/de\/wp-json\/wp\/v2\/media?parent=424"}],"curies":[{"name":"wp","href":"https:\/\/api.w.org\/{rel}","templated":true}]}}